{"id":3457,"date":"2024-02-16T12:04:51","date_gmt":"2024-02-16T11:04:51","guid":{"rendered":"https:\/\/staging.blimp.ai\/?page_id=3457"},"modified":"2024-06-04T11:26:25","modified_gmt":"2024-06-04T09:26:25","slug":"privacy-compliant","status":"publish","type":"page","link":"https:\/\/blimp.ai\/es\/privacy-compliant\/","title":{"rendered":"Privacy by Design"},"content":{"rendered":"<div data-elementor-type=\"wp-page\" data-elementor-id=\"3457\" class=\"elementor elementor-3457\" data-elementor-post-type=\"page\">\n\t\t\t\t<div class=\"elementor-element elementor-element-cf96fa1 e-flex e-con-boxed e-con e-parent\" data-id=\"cf96fa1\" data-element_type=\"container\" data-e-type=\"container\">\n\t\t\t\t\t<div class=\"e-con-inner\">\n\t\t\t\t<div data-dce-title-color=\"#FFFFFF\" class=\"elementor-element elementor-element-73908e9 elementor-widget elementor-widget-heading\" data-id=\"73908e9\" data-element_type=\"widget\" data-e-type=\"widget\" data-widget_type=\"heading.default\">\n\t\t\t\t<div class=\"elementor-widget-container\">\n\t\t\t\t\t<h1 class=\"elementor-heading-title elementor-size-default\">Privacy by design<\/h1>\t\t\t\t<\/div>\n\t\t\t\t<\/div>\n\t\t\t\t<div data-dce-title-color=\"#FFFFFF\" class=\"elementor-element elementor-element-fa35450 elementor-widget elementor-widget-heading\" data-id=\"fa35450\" data-element_type=\"widget\" data-e-type=\"widget\" data-widget_type=\"heading.default\">\n\t\t\t\t<div class=\"elementor-widget-container\">\n\t\t\t\t\t<h1 class=\"elementor-heading-title elementor-size-default\">Cumplimiento de la privacidad.\n<\/h1>\t\t\t\t<\/div>\n\t\t\t\t<\/div>\n\t\t\t\t<div data-dce-title-color=\"#FFFFFF\" class=\"elementor-element elementor-element-b88b296 elementor-widget elementor-widget-heading\" data-id=\"b88b296\" data-element_type=\"widget\" data-e-type=\"widget\" data-widget_type=\"heading.default\">\n\t\t\t\t<div class=\"elementor-widget-container\">\n\t\t\t\t\t<h1 class=\"elementor-heading-title elementor-size-default\">Nuestro compromiso con la protecci\u00f3n de datos<\/h1>\t\t\t\t<\/div>\n\t\t\t\t<\/div>\n\t\t\t\t<div class=\"elementor-element elementor-element-04965d1 elementor-widget-divider--view-line elementor-widget elementor-widget-divider\" data-id=\"04965d1\" data-element_type=\"widget\" data-e-type=\"widget\" data-widget_type=\"divider.default\">\n\t\t\t\t<div class=\"elementor-widget-container\">\n\t\t\t\t\t\t\t<div class=\"elementor-divider\">\n\t\t\t<span class=\"elementor-divider-separator\">\n\t\t\t\t\t\t<\/span>\n\t\t<\/div>\n\t\t\t\t\t\t<\/div>\n\t\t\t\t<\/div>\n\t\t\t\t\t<\/div>\n\t\t\t\t<\/div>\n\t\t<div class=\"elementor-element elementor-element-3e03c3b e-flex e-con-boxed e-con e-parent\" data-id=\"3e03c3b\" data-element_type=\"container\" data-e-type=\"container\">\n\t\t\t\t\t<div class=\"e-con-inner\">\n\t\t<div class=\"elementor-element elementor-element-ca6dba4 e-con-full e-flex e-con e-child\" data-id=\"ca6dba4\" data-element_type=\"container\" data-e-type=\"container\">\n\t\t\t\t<div data-dce-title-color=\"#000000\" class=\"elementor-element elementor-element-2d11588 elementor-widget elementor-widget-heading\" data-id=\"2d11588\" data-element_type=\"widget\" data-e-type=\"widget\" data-widget_type=\"heading.default\">\n\t\t\t\t<div class=\"elementor-widget-container\">\n\t\t\t\t\t<h1 class=\"elementor-heading-title elementor-size-default\">\u00bfC\u00f3mo funciona el dispositivo Head-Counter que ofrece Blimp?<\/h1>\t\t\t\t<\/div>\n\t\t\t\t<\/div>\n\t\t\t\t<div class=\"elementor-element elementor-element-fb1e96a elementor-widget elementor-widget-text-editor\" data-id=\"fb1e96a\" data-element_type=\"widget\" data-e-type=\"widget\" data-widget_type=\"text-editor.default\">\n\t\t\t\t<div class=\"elementor-widget-container\">\n\t\t\t\t\t\t\t\t\t<p>Head-Counter es un dispositivo producido y comercializado por Blimp con el objetivo de proporcionar a sus clientes informaci\u00f3n sobre el flujo y la densidad de personas que entran en su campo de acci\u00f3n. El dispositivo forma parte de la categor\u00eda m\u00e1s amplia de dispositivos de se\u00f1alizaci\u00f3n digital. Para realizar sus mediciones, Head-Counter utiliza algoritmos de detecci\u00f3n facial, que se refieren a tecnolog\u00edas que detectan la presencia de un rostro humano en una imagen, pero no lo identifican. El sistema de an\u00e1lisis y adquisici\u00f3n de im\u00e1genes y v\u00eddeos desarrollado por Blimp detecta una instant\u00e1nea en una zona determinada. A continuaci\u00f3n, la fotograf\u00eda es procesada por una unidad inform\u00e1tica situada en el interior del contador, que extrae la informaci\u00f3n de inter\u00e9s.<strong>\u2028<\/strong><\/p>\t\t\t\t\t\t\t\t<\/div>\n\t\t\t\t<\/div>\n\t\t\t\t<div data-dce-title-color=\"#000000\" class=\"elementor-element elementor-element-88730c6 elementor-widget elementor-widget-heading\" data-id=\"88730c6\" data-element_type=\"widget\" data-e-type=\"widget\" data-widget_type=\"heading.default\">\n\t\t\t\t<div class=\"elementor-widget-container\">\n\t\t\t\t\t<h1 class=\"elementor-heading-title elementor-size-default\">Para Blimp, la privacidad desempe\u00f1a un papel fundamental: agregaci\u00f3n y anonimizaci\u00f3n<\/h1>\t\t\t\t<\/div>\n\t\t\t\t<\/div>\n\t\t\t\t<div class=\"elementor-element elementor-element-cdb1b8f elementor-widget elementor-widget-text-editor\" data-id=\"cdb1b8f\" data-element_type=\"widget\" data-e-type=\"widget\" data-widget_type=\"text-editor.default\">\n\t\t\t\t<div class=\"elementor-widget-container\">\n\t\t\t\t\t\t\t\t\t<p>A partir de las fotograf\u00edas es posible extrapolar, mediante agregaci\u00f3n y anonimizaci\u00f3n. Por ejemplo: el n\u00famero de caras, el n\u00famero de peatones o veh\u00edculos en una zona, el n\u00famero de sujetos pertenecientes a un determinado sexo o grupo de edad. En ning\u00fan caso es posible rastrear la identidad del interesado. La adquisici\u00f3n tiene una duraci\u00f3n limitada y tiene lugar dentro del propio dispositivo. Ning\u00fan dato personal permanece en el disco duro del Head-Counter. Los datos extrapolados permanecen exclusivamente en la memoria vol\u00e1til (RAM) de la Main Board durante el tiempo necesario para procesarlos, hasta un m\u00e1ximo de 500 milisegundos. Despu\u00e9s, se borran inmediatamente. En ning\u00fan caso es posible acceder a la Main Board desde el exterior o a distancia: durante el uso, la comunicaci\u00f3n es monodireccional. El acceso a la Main Board s\u00f3lo es posible durante la configuraci\u00f3n, a petici\u00f3n expl\u00edcita del cliente y mediante comandos espec\u00edficos.<\/p>\n<p>Adem\u00e1s, con el fin de proteger los derechos y libertades de los interesados, Blimp garantiza la adopci\u00f3n de las debidas medidas t\u00e9cnicas y organizativas de minimizaci\u00f3n de datos y las mejores pr\u00e1cticas de seguridad de datos para evitar incidentes y fugas de datos (data lake y data breach).&nbsp;<\/p>\n<p>Adem\u00e1s, Blimp supervisa constantemente sus equipos  mediante un sistema de auditor\u00edas peri\u00f3dicas destinadas a evitar manipulaciones y fallos de funcionamiento.<\/p>\t\t\t\t\t\t\t\t<\/div>\n\t\t\t\t<\/div>\n\t\t\t\t<div class=\"elementor-element elementor-element-cfc86bb elementor-hidden-widescreen elementor-hidden-desktop elementor-hidden-laptop elementor-widget elementor-widget-image\" data-id=\"cfc86bb\" data-element_type=\"widget\" data-e-type=\"widget\" data-widget_type=\"image.default\">\n\t\t\t\t<div class=\"elementor-widget-container\">\n\t\t\t\t\t\t\t\t\t\t\t\t\t\t\t<img fetchpriority=\"high\" decoding=\"async\" width=\"1325\" height=\"591\" src=\"https:\/\/blimp.ai\/wp-content\/uploads\/2024\/03\/Schema-Privacy.svg\" class=\"attachment-full size-full wp-image-6732\" alt=\"Privacy compliat, GDPR schema\" title=\"Deep tech per il monitoraggio dei dati in ambienti urbani\">\t\t\t\t\t\t\t\t\t\t\t\t\t\t\t<\/div>\n\t\t\t\t<\/div>\n\t\t\t\t<\/div>\n\t\t<div class=\"elementor-element elementor-element-c04d95b e-con-full e-flex e-con e-child\" data-id=\"c04d95b\" data-element_type=\"container\" data-e-type=\"container\">\n\t\t\t\t<div class=\"elementor-element elementor-element-36a155d elementor-align-justify elementor-tablet-align-center elementor-widget elementor-widget-button\" data-id=\"36a155d\" data-element_type=\"widget\" data-e-type=\"widget\" data-widget_type=\"button.default\">\n\t\t\t\t<div class=\"elementor-widget-container\">\n\t\t\t\t\t\t\t\t\t<div class=\"elementor-button-wrapper\">\n\t\t\t\t\t<a class=\"elementor-button elementor-button-link elementor-size-sm\" href=\"https:\/\/blimp.ai\/es\/contactos\/\">\n\t\t\t\t\t\t<span class=\"elementor-button-content-wrapper\">\n\t\t\t\t\t\t<span class=\"elementor-button-icon\">\n\t\t\t\t<svg xmlns=\"http:\/\/www.w3.org\/2000\/svg\" width=\"25\" height=\"16\" viewbox=\"0 0 25 16\" fill=\"none\"><path id=\"Arrow 2\" d=\"M24.7071 8.70711C25.0976 8.31658 25.0976 7.68342 24.7071 7.29289L18.3431 0.928932C17.9526 0.538408 17.3195 0.538408 16.9289 0.928932C16.5384 1.31946 16.5384 1.95262 16.9289 2.34315L22.5858 8L16.9289 13.6569C16.5384 14.0474 16.5384 14.6805 16.9289 15.0711C17.3195 15.4616 17.9526 15.4616 18.3431 15.0711L24.7071 8.70711ZM0 9H24V7H0V9Z\" fill=\"white\"><\/path><\/svg>\t\t\t<\/span>\n\t\t\t\t\t\t\t\t\t<span class=\"elementor-button-text\">CONTACTO<\/span>\n\t\t\t\t\t<\/span>\n\t\t\t\t\t<\/a>\n\t\t\t\t<\/div>\n\t\t\t\t\t\t\t\t<\/div>\n\t\t\t\t<\/div>\n\t\t\t\t<div class=\"elementor-element elementor-element-006a23b elementor-widget elementor-widget-heading\" data-id=\"006a23b\" data-element_type=\"widget\" data-e-type=\"widget\" data-widget_type=\"heading.default\">\n\t\t\t\t<div class=\"elementor-widget-container\">\n\t\t\t\t\t<p class=\"elementor-heading-title elementor-size-default\">Lea el informe sobre privacidad \"Physical Audience Measuring Technologies and Privacy Concerns\"<\/p>\t\t\t\t<\/div>\n\t\t\t\t<\/div>\n\t\t\t\t<div class=\"elementor-element elementor-element-e19e0f9 elementor-align-justify elementor-tablet-align-center elementor-widget elementor-widget-button\" data-id=\"e19e0f9\" data-element_type=\"widget\" data-e-type=\"widget\" data-widget_type=\"button.default\">\n\t\t\t\t<div class=\"elementor-widget-container\">\n\t\t\t\t\t\t\t\t\t<div class=\"elementor-button-wrapper\">\n\t\t\t\t\t<a class=\"elementor-button elementor-button-link elementor-size-sm\" href=\"https:\/\/iotprivacy.it\/pubblicazioni-2\/\" target=\"_blank\" rel=\"noopener\">\n\t\t\t\t\t\t<span class=\"elementor-button-content-wrapper\">\n\t\t\t\t\t\t<span class=\"elementor-button-icon\">\n\t\t\t\t<svg xmlns=\"http:\/\/www.w3.org\/2000\/svg\" width=\"25\" height=\"16\" viewbox=\"0 0 25 16\" fill=\"none\"><path d=\"M24.7071 8.70711C25.0976 8.31658 25.0976 7.68342 24.7071 7.29289L18.3431 0.928932C17.9526 0.538408 17.3195 0.538408 16.9289 0.928932C16.5384 1.31946 16.5384 1.95262 16.9289 2.34315L22.5858 8L16.9289 13.6569C16.5384 14.0474 16.5384 14.6805 16.9289 15.0711C17.3195 15.4616 17.9526 15.4616 18.3431 15.0711L24.7071 8.70711ZM0 9H24V7H0V9Z\" fill=\"#0627B7\"><\/path><\/svg>\t\t\t<\/span>\n\t\t\t\t\t\t\t\t\t<span class=\"elementor-button-text\">DESCARGAR<\/span>\n\t\t\t\t\t<\/span>\n\t\t\t\t\t<\/a>\n\t\t\t\t<\/div>\n\t\t\t\t\t\t\t\t<\/div>\n\t\t\t\t<\/div>\n\t\t\t\t<\/div>\n\t\t\t\t\t<\/div>\n\t\t\t\t<\/div>\n\t\t<div class=\"elementor-element elementor-element-5551ef1 elementor-hidden-tablet elementor-hidden-mobile e-flex e-con-boxed e-con e-parent\" data-id=\"5551ef1\" data-element_type=\"container\" data-e-type=\"container\">\n\t\t\t\t\t<div class=\"e-con-inner\">\n\t\t\t\t<div class=\"elementor-element elementor-element-0bf6030 elementor-widget elementor-widget-image\" data-id=\"0bf6030\" data-element_type=\"widget\" data-e-type=\"widget\" data-widget_type=\"image.default\">\n\t\t\t\t<div class=\"elementor-widget-container\">\n\t\t\t\t\t\t\t\t\t\t\t\t\t\t\t<img fetchpriority=\"high\" decoding=\"async\" width=\"1325\" height=\"591\" src=\"https:\/\/blimp.ai\/wp-content\/uploads\/2024\/03\/Schema-Privacy.svg\" class=\"attachment-full size-full wp-image-6732\" alt=\"Privacy compliat, GDPR schema\" title=\"Deep tech per il monitoraggio dei dati in ambienti urbani\">\t\t\t\t\t\t\t\t\t\t\t\t\t\t\t<\/div>\n\t\t\t\t<\/div>\n\t\t\t\t\t<\/div>\n\t\t\t\t<\/div>\n\t\t\t\t<\/div>","protected":false},"excerpt":{"rendered":"<p>Privacy by design Conformit\u00e0 alla privacy. Il nostro impegno per la protezione dei dati Come funziona il dispositivo Head-Counter offerto da Blimp? Head-Counter\u00a0e\u0300 un dispositivo prodotto e commercializzato da Blimp con l\u2019obiettivo di fornire ai propri clienti informazioni in merito ai flussi e alla densit\u00e0 delle persone che entrano nel suo campo d\u2019azione.\u00a0Il dispositivo rientra [&hellip;]<\/p>\n","protected":false},"author":1,"featured_media":6732,"parent":0,"menu_order":0,"comment_status":"closed","ping_status":"closed","template":"","meta":{"_acf_changed":false,"footnotes":""},"class_list":["post-3457","page","type-page","status-publish","has-post-thumbnail","hentry"],"acf":[],"_links":{"self":[{"href":"https:\/\/blimp.ai\/es\/wp-json\/wp\/v2\/pages\/3457","targetHints":{"allow":["GET"]}}],"collection":[{"href":"https:\/\/blimp.ai\/es\/wp-json\/wp\/v2\/pages"}],"about":[{"href":"https:\/\/blimp.ai\/es\/wp-json\/wp\/v2\/types\/page"}],"author":[{"embeddable":true,"href":"https:\/\/blimp.ai\/es\/wp-json\/wp\/v2\/users\/1"}],"replies":[{"embeddable":true,"href":"https:\/\/blimp.ai\/es\/wp-json\/wp\/v2\/comments?post=3457"}],"version-history":[{"count":131,"href":"https:\/\/blimp.ai\/es\/wp-json\/wp\/v2\/pages\/3457\/revisions"}],"predecessor-version":[{"id":14086,"href":"https:\/\/blimp.ai\/es\/wp-json\/wp\/v2\/pages\/3457\/revisions\/14086"}],"wp:featuredmedia":[{"embeddable":true,"href":"https:\/\/blimp.ai\/es\/wp-json\/wp\/v2\/media\/6732"}],"wp:attachment":[{"href":"https:\/\/blimp.ai\/es\/wp-json\/wp\/v2\/media?parent=3457"}],"curies":[{"name":"wp","href":"https:\/\/api.w.org\/{rel}","templated":true}]}}