{"id":4730,"date":"2024-02-22T15:34:09","date_gmt":"2024-02-22T14:34:09","guid":{"rendered":"https:\/\/blimp.ai\/?page_id=4730"},"modified":"2024-03-21T17:53:54","modified_gmt":"2024-03-21T16:53:54","slug":"cookie-policy","status":"publish","type":"page","link":"https:\/\/blimp.ai\/es\/cookie-policy\/","title":{"rendered":"Cookie Policy"},"content":{"rendered":"<div data-elementor-type=\"wp-page\" data-elementor-id=\"4730\" class=\"elementor elementor-4730\" data-elementor-post-type=\"page\">\n\t\t\t\t<div class=\"elementor-element elementor-element-29e9a57 e-flex e-con-boxed e-con e-parent\" data-id=\"29e9a57\" data-element_type=\"container\" data-e-type=\"container\">\n\t\t\t\t\t<div class=\"e-con-inner\">\n\t\t\t\t<div class=\"elementor-element elementor-element-38ed606 elementor-widget elementor-widget-heading\" data-id=\"38ed606\" data-element_type=\"widget\" data-e-type=\"widget\" data-widget_type=\"heading.default\">\n\t\t\t\t<div class=\"elementor-widget-container\">\n\t\t\t\t\t<h1 class=\"elementor-heading-title elementor-size-default\">Cookie Policy - blimp.ai<\/h1>\t\t\t\t<\/div>\n\t\t\t\t<\/div>\n\t\t\t\t<div class=\"elementor-element elementor-element-8d1f256 elementor-widget elementor-widget-heading\" data-id=\"8d1f256\" data-element_type=\"widget\" data-e-type=\"widget\" data-widget_type=\"heading.default\">\n\t\t\t\t<div class=\"elementor-widget-container\">\n\t\t\t\t\t<h2 class=\"elementor-heading-title elementor-size-default\">Ultimo aggiornamento: 22.02.2024<\/h2>\t\t\t\t<\/div>\n\t\t\t\t<\/div>\n\t\t\t\t\t<\/div>\n\t\t\t\t<\/div>\n\t\t<div class=\"elementor-element elementor-element-0866151 e-flex e-con-boxed e-con e-parent\" data-id=\"0866151\" data-element_type=\"container\" data-e-type=\"container\">\n\t\t\t\t\t<div class=\"e-con-inner\">\n\t\t<div class=\"elementor-element elementor-element-fccaeec e-con-full e-flex e-con e-child\" data-id=\"fccaeec\" data-element_type=\"container\" data-e-type=\"container\">\n\t\t\t\t<div class=\"elementor-element elementor-element-f93ecf2 elementor-widget elementor-widget-text-editor\" data-id=\"f93ecf2\" data-element_type=\"widget\" data-e-type=\"widget\" data-widget_type=\"text-editor.default\">\n\t\t\t\t<div class=\"elementor-widget-container\">\n\t\t\t\t\t\t\t\t\t<p><strong>Che cos\u2019\u00e8 questo documento?<\/strong><br \/>La presente Cookie Policy contiene informazioni sulle diverse tipologie di cookie che potrebbero essere installati sui tuoi dispositivi quando visiti il sito <a href=\"https:\/\/blimp.ai\/es\/\">www.blimp.ai<\/a>.<\/p>\t\t\t\t\t\t\t\t<\/div>\n\t\t\t\t<\/div>\n\t\t\t\t<div class=\"elementor-element elementor-element-e57fc28 elementor-widget elementor-widget-text-editor\" data-id=\"e57fc28\" data-element_type=\"widget\" data-e-type=\"widget\" data-widget_type=\"text-editor.default\">\n\t\t\t\t<div class=\"elementor-widget-container\">\n\t\t\t\t\t\t\t\t\t<h5><strong>Titolare del Trattamento e dettagli contatto<\/strong><\/h5><p>Blimp S.r.l. (di seguito \u201c<strong>Titolare<\/strong>\u201d, ai fini dell\u2019Art. 4(7) GDPR)<\/p><p>con sede legale in Via San Martino 12, 20122 Milano (MI)<\/p><ul><li>E- mail: <a href=\"mailto:privacy@blimp.ai\">privacy@blimp.ai<\/a><\/li><\/ul>\t\t\t\t\t\t\t\t<\/div>\n\t\t\t\t<\/div>\n\t\t\t\t<div class=\"elementor-element elementor-element-9194ccf elementor-widget elementor-widget-text-editor\" data-id=\"9194ccf\" data-element_type=\"widget\" data-e-type=\"widget\" data-widget_type=\"text-editor.default\">\n\t\t\t\t<div class=\"elementor-widget-container\">\n\t\t\t\t\t\t\t\t\t<h5><strong>Responsabile della protezione dei dati<\/strong><\/h5><p>Il Titolare ha nominato un Responsabile della Protezione dei dati (\u201cDPO\u201d) contattabile inviando una e-mail all\u2019indirizzo di posta elettronica privacy@blimp.ai ovvero scrivendo a: Responsabile della Protezione dei dati c\/o Blimp S.r.l., Via San Martino 12, 20122 Milano.<\/p>\t\t\t\t\t\t\t\t<\/div>\n\t\t\t\t<\/div>\n\t\t\t\t<div class=\"elementor-element elementor-element-7d89d73 elementor-widget elementor-widget-text-editor\" data-id=\"7d89d73\" data-element_type=\"widget\" data-e-type=\"widget\" data-widget_type=\"text-editor.default\">\n\t\t\t\t<div class=\"elementor-widget-container\">\n\t\t\t\t\t\t\t\t\t<h5><strong>Che cosa sono i cookie?<\/strong><\/h5><p>I cookie sono piccoli file di testo che i siti visitati dall&#8217;utente inviano e registrano sul suo computer o dispositivo mobile, per essere poi ritrasmessi agli stessi siti alla successiva visita. Proprio grazie ai cookie un sito ricorda le azioni e preferenze dell&#8217;utente (come, ad esempio, i dati di login, la lingua prescelta, le dimensioni dei caratteri, altre impostazioni di visualizzazione, ecc.) in modo che non debbano essere indicate nuovamente quando l&#8217;utente torni a visitare detto sito o navighi da una pagina all&#8217;altra di esso.<\/p><p>I cookie, quindi, sono usati per eseguire autenticazioni informatiche, monitoraggio di sessioni e memorizzazione di informazioni riguardanti le attivit\u00e0 degli utenti che accedono ad un sito e possono contenere anche un codice identificativo unico che consente di tenere traccia della navigazione dell&#8217;utente all&#8217;interno del sito stesso per finalit\u00e0 statistiche o pubblicitarie.<\/p><p>Nel corso della navigazione su un sito, l&#8217;utente pu\u00f2 ricevere sul suo computer:<\/p><ul><li>cookie derivanti direttamente dal proprietario e\/o gestore del sito web (i cosiddetti cookie di prima parte);<\/li><li>cookie derivanti da terze parti diverse dall&#8217;editore del sito web visitato dall&#8217;utente (c.d. cookie di terze parti). Salvo diversa indicazione, si ricorda che i cookie di terze parti ricadono sotto la diretta ed esclusiva responsabilit\u00e0 dello stesso gestore. Ulteriori informazioni sulla privacy e sul loro utilizzo sono pertanto reperibili direttamente sui siti web dei rispettivi operatori.<\/li><\/ul><p>Tenendo conto delle indicazioni del Garante della Privacy e dei pareri emessi in ambito europeo dal Gruppo di Lavoro ex art. 29 (gruppo di lavoro europeo indipendente, ora sostituito dall&#8217;European Data Protection Board, c.d. EDPB), i Cookies possono essere ricondotti alle seguenti categorie:<\/p>\t\t\t\t\t\t\t\t<\/div>\n\t\t\t\t<\/div>\n\t\t\t\t<div class=\"elementor-element elementor-element-50b3cba elementor-widget elementor-widget-text-editor\" data-id=\"50b3cba\" data-element_type=\"widget\" data-e-type=\"widget\" data-widget_type=\"text-editor.default\">\n\t\t\t\t<div class=\"elementor-widget-container\">\n\t\t\t\t\t\t\t\t\t<p><strong>1. Cookie tecnici<\/strong><\/p><p>I cookie tecnici sono necessari per effettuare la trasmissione di una comunicazione su una rete di comunicazione elettronica e per l&#8217;erogazione del servizio richiesto dall&#8217;utente. Essi comprendono:<\/p><ul><li><strong>Cookie di sessione o di navigazione<\/strong>: sono i cookie che non vengono memorizzati in modo persistente sul terminale dell&#8217;utente e vengono cancellati alla chiusura del browser e sono strettamente limitati alla trasmissione di identificativi di sessione necessari per consentire l&#8217;esplorazione sicura ed efficiente del sito;<\/li><li><strong>Cookie di funzionalit\u00e0<\/strong>: consentono di ricordare le impostazioni del sito scelte dagli utenti, come la lingua o le preferenze di privacy, al fine di migliorare i servizi e l&#8217;esperienza di navigazione.<\/li><\/ul><p>Rispetto a queste tipologie di Cookies non \u00e8 necessario acquisire il consenso preventivo e informato dell&#8217;utente.<\/p>\t\t\t\t\t\t\t\t<\/div>\n\t\t\t\t<\/div>\n\t\t\t\t<div class=\"elementor-element elementor-element-eef4cbe elementor-widget elementor-widget-text-editor\" data-id=\"eef4cbe\" data-element_type=\"widget\" data-e-type=\"widget\" data-widget_type=\"text-editor.default\">\n\t\t\t\t<div class=\"elementor-widget-container\">\n\t\t\t\t\t\t\t\t\t<p><strong>2. Cookie analitici<\/strong><\/p><p>I cookie analitici, come recentemente osservato dal Garante della Privacy, possono essere utilizzati, tra le altre cose, per valutare l&#8217;efficacia di un servizio, per la progettazione di un sito web o per contribuire a misurarne il traffico (cio\u00e8 il numero di visitatori, anche eventualmente suddivisi per area geografica, fascia oraria di connessione o altre caratteristiche).<\/p><p>Allo stesso modo, i cookie analitici, se installati da terze parti, non richiedono la raccolta del consenso preventivo dell&#8217;utente laddove non sia possibile l&#8217;identificazione diretta dell&#8217;interessato (c.d. <em>single out<\/em>), al fine di evitare l&#8217;utilizzo di identificatori diretti e univoci. In particolare, tali cookie devono avere le seguenti caratteristiche: (i) lo stesso cookie deve essere riferibile non solo a uno ma a pi\u00f9 dispositivi, in modo da creare una ragionevole incertezza sull&#8217;identit\u00e0 informatica del soggetto che lo riceve (ad esempio, attraverso il mascheramento di porzioni appropriate dell&#8217;indirizzo IP), (ii) l&#8217;uso dei cookie deve essere limitato esclusivamente alla produzione di statistiche aggregate e tali cookie possono essere utilizzati in relazione a un singolo sito o applicazione mobile, in modo da non consentire il tracciamento della navigazione dell&#8217;interessato utilizzando diverse applicazioni o navigando su diversi siti web. Inoltre, si chiarisce che le terze parti, che forniscono il servizio di misurazione web, non potranno in nessun caso combinare i dati, anche cos\u00ec minimizzati, con altri trattamenti (file di clienti o statistiche di visite ad altri siti, ad esempio) o trasmetterli a loro volta ad altre terze parti, pena l&#8217;aumento inaccettabile dei rischi di identificazione dell&#8217;utente; tranne nel caso in cui la produzione di statistiche da parte loro con i dati minimizzati riguardi diversi domini, siti web o app.<\/p><p>Il consenso dell&#8217;utente sar\u00e0 invece richiesto per i cookie analitici installati da terzi senza garanzie di minimizzazione del trattamento dei dati raccolti attraverso gli stessi cookie.<\/p>\t\t\t\t\t\t\t\t<\/div>\n\t\t\t\t<\/div>\n\t\t\t\t<div class=\"elementor-element elementor-element-931d357 elementor-widget elementor-widget-text-editor\" data-id=\"931d357\" data-element_type=\"widget\" data-e-type=\"widget\" data-widget_type=\"text-editor.default\">\n\t\t\t\t<div class=\"elementor-widget-container\">\n\t\t\t\t\t\t\t\t\t<p><strong>3. Cookie di profilazione<\/strong><\/p><p>I Cookie di profilazione sono utilizzati per ricondurre specifiche azioni o schemi comportamentali ricorrenti nell&#8217;utilizzo delle funzionalit\u00e0 offerte (pattern) a soggetti determinati, identificati o identificabili al fine di raggruppare i diversi profili all&#8217;interno di cluster omogenei di diversa ampiezza, in modo da poter modulare anche l&#8217;erogazione del servizio in maniera sempre pi\u00f9 personalizzata, nonch\u00e9 per inviare messaggi pubblicitari mirati, ossia in linea con le preferenze manifestate dall&#8217;utente nell&#8217;ambito della navigazione in rete. L&#8217;installazione dei Cookie di profilazione e il conseguente trattamento dei dati personali dell&#8217;utente sono facoltativi, pertanto per l&#8217;installazione di questo tipo di Cookie \u00e8 necessario il consenso.<\/p><p>Il consenso sar\u00e0 richiesto anche in relazione ai Cookie &#8220;misti&#8221; (cio\u00e8 installati e utilizzati per finalit\u00e0 diverse e che non hanno una mera connotazione tecnica\/analitica).<\/p>\t\t\t\t\t\t\t\t<\/div>\n\t\t\t\t<\/div>\n\t\t\t\t<div class=\"elementor-element elementor-element-6f24bec elementor-widget elementor-widget-text-editor\" data-id=\"6f24bec\" data-element_type=\"widget\" data-e-type=\"widget\" data-widget_type=\"text-editor.default\">\n\t\t\t\t<div class=\"elementor-widget-container\">\n\t\t\t\t\t\t\t\t\t<h5><strong>Cookie sul nostro sito<\/strong><\/h5>\t\t\t\t\t\t\t\t<\/div>\n\t\t\t\t<\/div>\n\t\t\t\t<div class=\"elementor-element elementor-element-c7256b7 elementor-widget elementor-widget-shortcode\" data-id=\"c7256b7\" data-element_type=\"widget\" data-e-type=\"widget\" data-widget_type=\"shortcode.default\">\n\t\t\t\t<div class=\"elementor-widget-container\">\n\t\t\t\t\t\t\t<div class=\"elementor-shortcode\">\n<table id=\"tablepress-1\" class=\"tablepress tablepress-id-1 tbody-has-connected-cells\">\n<thead>\n<tr class=\"row-1\">\n\t<th class=\"column-1\">Nombre<\/th><th class=\"column-2\">Finalit\u00e0<\/th><th class=\"column-3\">Durata<\/th><th class=\"column-4\">Provider<\/th>\n<\/tr>\n<\/thead>\n<tbody>\n<tr class=\"row-2\">\n\t<td colspan=\"4\" class=\"column-1\"><strong>Necessari<\/strong><\/td>\n<\/tr>\n<tr class=\"row-3\">\n\t<td class=\"column-1\">_iub_cs-48918165<\/td><td class=\"column-2\">Archivia le preferenze cookie<\/td><td class=\"column-3\">Sessione<\/td><td class=\"column-4\">Iubenda<\/td>\n<\/tr>\n<tr class=\"row-4\">\n\t<td colspan=\"4\" class=\"column-1\"><strong>Analitici<\/strong><\/td>\n<\/tr>\n<tr class=\"row-5\">\n\t<td class=\"column-1\">_ga<\/td><td class=\"column-2\">Registra un ID univoco che viene utilizzato per generare dati statistici sul modo in cui il visitatore utilizza il sito web.<\/td><td class=\"column-3\">2 anni<\/td><td class=\"column-4\">Google<\/td>\n<\/tr>\n<tr class=\"row-6\">\n\t<td class=\"column-1\">_ga_1MBLPDCFT<\/td><td class=\"column-2\">Utilizzato da Google Analytics per raccogliere dati sul numero di volte in cui un utente ha visitato il sito web e le date della prima e della pi\u00f9 recente visita.<\/td><td class=\"column-3\">2 anni<\/td><td class=\"column-4\">Google<\/td>\n<\/tr>\n<tr class=\"row-7\">\n\t<td class=\"column-1\">_clck<\/td><td class=\"column-2\">Registra un ID univoco<\/td><td class=\"column-3\">1 anno<\/td><td class=\"column-4\">Microsoft<\/td>\n<\/tr>\n<tr class=\"row-8\">\n\t<td class=\"column-1\">_clsk<\/td><td class=\"column-2\">Memorizza e combina le pagine viste da un utente in un'unica registrazione di sessione.<\/td><td class=\"column-3\">1 giorno<\/td><td class=\"column-4\">Microsoft<\/td>\n<\/tr>\n<tr class=\"row-9\">\n\t<td class=\"column-1\">MUID<\/td><td class=\"column-2\">Memorizzare e combina le visite dell\u2019utente tra i vari siti web.<\/td><td class=\"column-3\">1 anno<\/td><td class=\"column-4\">Microsoft<\/td>\n<\/tr>\n<tr class=\"row-10\">\n\t<td class=\"column-1\">MR<\/td><td class=\"column-2\">Lo scopo di questo cookie \u00e8 quello di sincronizzare l'ID tra diversi domini Microsoft per consentire il tracciamento dell'utente.<\/td><td class=\"column-3\">7 giorni<\/td><td class=\"column-4\">Microsoft<\/td>\n<\/tr>\n<tr class=\"row-11\">\n\t<td class=\"column-1\">SRM_B<\/td><td class=\"column-2\">Questo cookie identifica i browser web che visitano i siti Microsoft. Questi cookie sono utilizzati per la pubblicit\u00e0, l'analisi del sito e altri scopi operativi.<\/td><td class=\"column-3\">1 anno<\/td><td class=\"column-4\">Microsoft<\/td>\n<\/tr>\n<tr class=\"row-12\">\n\t<td class=\"column-1\">SM<\/td><td class=\"column-2\">Questo cookie \u00e8 utilizzato dal servizio di analisi Clarity di Microsoft per sincronizzare il MUID tra i domini Microsoft.<\/td><td class=\"column-3\">Sessione<\/td><td class=\"column-4\">Microsoft<\/td>\n<\/tr>\n<\/tbody>\n<\/table>\n<\/div>\n\t\t\t\t\t\t<\/div>\n\t\t\t\t<\/div>\n\t\t\t\t<div class=\"elementor-element elementor-element-5b90473 elementor-widget elementor-widget-text-editor\" data-id=\"5b90473\" data-element_type=\"widget\" data-e-type=\"widget\" data-widget_type=\"text-editor.default\">\n\t\t\t\t<div class=\"elementor-widget-container\">\n\t\t\t\t\t\t\t\t\t<h5><strong>Come posso disabilitarli?<\/strong><\/h5>\t\t\t\t\t\t\t\t<\/div>\n\t\t\t\t<\/div>\n\t\t\t\t<div class=\"elementor-element elementor-element-0b00b92 elementor-widget elementor-widget-shortcode\" data-id=\"0b00b92\" data-element_type=\"widget\" data-e-type=\"widget\" data-widget_type=\"shortcode.default\">\n\t\t\t\t<div class=\"elementor-widget-container\">\n\t\t\t\t\t\t\t<div class=\"elementor-shortcode\">\n<table id=\"tablepress-2\" class=\"tablepress tablepress-id-2\">\n<thead>\n<tr class=\"row-1\">\n\t<th class=\"column-1\">Nombre<\/th><th class=\"column-2\">Link<\/th>\n<\/tr>\n<\/thead>\n<tbody>\n<tr class=\"row-2\">\n\t<td class=\"column-1\">Google Chrome<\/td><td class=\"column-2\">https:\/\/support.google.com\/chrome\/answer\/95647<\/td>\n<\/tr>\n<tr class=\"row-3\">\n\t<td class=\"column-1\">Safari<\/td><td class=\"column-2\">https:\/\/support.apple.com\/it-ie\/guide\/safari\/sfri11471\/mac<\/td>\n<\/tr>\n<tr class=\"row-4\">\n\t<td class=\"column-1\">Firefox<\/td><td class=\"column-2\">https:\/\/support.mozilla.org\/it\/kb\/Gestione%20dei%20cookie<\/td>\n<\/tr>\n<tr class=\"row-5\">\n\t<td class=\"column-1\">Internet Explorer<\/td><td class=\"column-2\">https:\/\/support.microsoft.com\/en-us\/topic\/delete-and-manage-cookies-168dab11-0753-043d-7c16-ede5947fc64d<\/td>\n<\/tr>\n<tr class=\"row-6\">\n\t<td class=\"column-1\">Facebook<\/td><td class=\"column-2\">https:\/\/www.facebook.com\/policies\/cookies<\/td>\n<\/tr>\n<tr class=\"row-7\">\n\t<td class=\"column-1\">Twitter<\/td><td class=\"column-2\">https:\/\/help.twitter.com\/it\/rules-and-policies\/twitter-cookies<\/td>\n<\/tr>\n<tr class=\"row-8\">\n\t<td class=\"column-1\">Linkedin<\/td><td class=\"column-2\">https:\/\/it.linkedin.com\/legal\/cookie-policy?<\/td>\n<\/tr>\n<\/tbody>\n<\/table>\n<\/div>\n\t\t\t\t\t\t<\/div>\n\t\t\t\t<\/div>\n\t\t\t\t<div class=\"elementor-element elementor-element-22d9557 elementor-widget elementor-widget-text-editor\" data-id=\"22d9557\" data-element_type=\"widget\" data-e-type=\"widget\" data-widget_type=\"text-editor.default\">\n\t\t\t\t<div class=\"elementor-widget-container\">\n\t\t\t\t\t\t\t\t\t<h5><strong>Modifiche alla cookie policy<\/strong><\/h5><p>La presente cookie policy pu\u00f2 subire modifiche nel tempo, anche connesse all\u2019eventuale entrata in vigore di nuove normative di settore, all\u2019aggiornamento o erogazione di nuovi servizi ovvero ad intervenute innovazioni tecnologiche, per cui ti invitiamo a consultare periodicamente questa pagina.<\/p>\t\t\t\t\t\t\t\t<\/div>\n\t\t\t\t<\/div>\n\t\t\t\t<\/div>\n\t\t\t\t\t<\/div>\n\t\t\t\t<\/div>\n\t\t\t\t<\/div>","protected":false},"excerpt":{"rendered":"<p>Cookie Policy &#8211; blimp.ai Ultimo aggiornamento: 22.02.2024 Che cos\u2019\u00e8 questo documento? La presente Cookie Policy contiene informazioni sulle diverse tipologie di cookie che potrebbero essere installati sui tuoi dispositivi quando visiti il sito www.blimp.ai. Titolare del Trattamento e dettagli contatto Blimp S.r.l. (di seguito \u201cTitolare\u201d, ai fini dell\u2019Art. 4(7) GDPR) con sede legale in Via [&hellip;]<\/p>\n","protected":false},"author":7,"featured_media":0,"parent":0,"menu_order":0,"comment_status":"closed","ping_status":"closed","template":"","meta":{"_acf_changed":false,"footnotes":""},"class_list":["post-4730","page","type-page","status-publish","hentry"],"acf":[],"_links":{"self":[{"href":"https:\/\/blimp.ai\/es\/wp-json\/wp\/v2\/pages\/4730","targetHints":{"allow":["GET"]}}],"collection":[{"href":"https:\/\/blimp.ai\/es\/wp-json\/wp\/v2\/pages"}],"about":[{"href":"https:\/\/blimp.ai\/es\/wp-json\/wp\/v2\/types\/page"}],"author":[{"embeddable":true,"href":"https:\/\/blimp.ai\/es\/wp-json\/wp\/v2\/users\/7"}],"replies":[{"embeddable":true,"href":"https:\/\/blimp.ai\/es\/wp-json\/wp\/v2\/comments?post=4730"}],"version-history":[{"count":30,"href":"https:\/\/blimp.ai\/es\/wp-json\/wp\/v2\/pages\/4730\/revisions"}],"predecessor-version":[{"id":9024,"href":"https:\/\/blimp.ai\/es\/wp-json\/wp\/v2\/pages\/4730\/revisions\/9024"}],"wp:attachment":[{"href":"https:\/\/blimp.ai\/es\/wp-json\/wp\/v2\/media?parent=4730"}],"curies":[{"name":"wp","href":"https:\/\/api.w.org\/{rel}","templated":true}]}}