{"id":4735,"date":"2024-02-22T15:34:46","date_gmt":"2024-02-22T14:34:46","guid":{"rendered":"https:\/\/blimp.ai\/?page_id=4735"},"modified":"2024-04-16T12:41:34","modified_gmt":"2024-04-16T10:41:34","slug":"privacy-policy","status":"publish","type":"page","link":"https:\/\/blimp.ai\/es\/privacy-policy\/","title":{"rendered":"Privacy Policy"},"content":{"rendered":"\t\t<div data-elementor-type=\"wp-page\" data-elementor-id=\"4735\" class=\"elementor elementor-4735\" data-elementor-post-type=\"page\">\n\t\t\t\t<div class=\"elementor-element elementor-element-072f893 e-flex e-con-boxed e-con e-parent\" data-id=\"072f893\" data-element_type=\"container\" data-e-type=\"container\">\n\t\t\t\t\t<div class=\"e-con-inner\">\n\t\t\t\t<div class=\"elementor-element elementor-element-8630981 elementor-widget elementor-widget-heading\" data-id=\"8630981\" data-element_type=\"widget\" data-e-type=\"widget\" data-widget_type=\"heading.default\">\n\t\t\t\t<div class=\"elementor-widget-container\">\n\t\t\t\t\t<h1 class=\"elementor-heading-title elementor-size-default\">Privacy Policy - blimp.ai<\/h1>\t\t\t\t<\/div>\n\t\t\t\t<\/div>\n\t\t\t\t<div class=\"elementor-element elementor-element-716863e elementor-widget elementor-widget-heading\" data-id=\"716863e\" data-element_type=\"widget\" data-e-type=\"widget\" data-widget_type=\"heading.default\">\n\t\t\t\t<div class=\"elementor-widget-container\">\n\t\t\t\t\t<h2 class=\"elementor-heading-title elementor-size-default\">Ultimo aggiornamento: 22.02.2024<\/h2>\t\t\t\t<\/div>\n\t\t\t\t<\/div>\n\t\t\t\t\t<\/div>\n\t\t\t\t<\/div>\n\t\t<div class=\"elementor-element elementor-element-baefdae e-flex e-con-boxed e-con e-parent\" data-id=\"baefdae\" data-element_type=\"container\" data-e-type=\"container\">\n\t\t\t\t\t<div class=\"e-con-inner\">\n\t\t<div class=\"elementor-element elementor-element-3d5d427 e-con-full e-flex e-con e-child\" data-id=\"3d5d427\" data-element_type=\"container\" data-e-type=\"container\">\n\t\t\t\t<div class=\"elementor-element elementor-element-e6f364c elementor-widget elementor-widget-text-editor\" data-id=\"e6f364c\" data-element_type=\"widget\" data-e-type=\"widget\" data-widget_type=\"text-editor.default\">\n\t\t\t\t<div class=\"elementor-widget-container\">\n\t\t\t\t\t\t\t\t\t<h5><strong>Che cos&#8217;\u00e8 questo documento?<\/strong><\/h5><p>Attraverso la presente informativa privacy redatta ai sensi dell\u2019art. 13 Reg. Europeo n. 679\/2016 (\u201c<strong>Regolamento Generale sulla Protezione dei Dati<\/strong>\u201d o \u201c<strong>GDPR<\/strong>\u201d) e in osservanza dei princ\u00ecpi ivi contenuti, Blimp S.r.l. intende informare ciascun utente (\u201c<strong>l\u2019Utente<\/strong>\u201d) del trattamento dei dati personali raccolti tramite il sito www.blimp.ai<\/p>\t\t\t\t\t\t\t\t<\/div>\n\t\t\t\t<\/div>\n\t\t\t\t<div class=\"elementor-element elementor-element-38719dc elementor-widget elementor-widget-text-editor\" data-id=\"38719dc\" data-element_type=\"widget\" data-e-type=\"widget\" data-widget_type=\"text-editor.default\">\n\t\t\t\t<div class=\"elementor-widget-container\">\n\t\t\t\t\t\t\t\t\t<h5><strong>Titolare e Dettagli di contatto<\/strong><\/h5><p>Blimp S.r.l. (di seguito \u201c<strong>Titolare<\/strong>\u201d)<\/p><p>con sede legale in Via San Martino 12, 20122 Milano<\/p><p>contact: <a href=\"mailto:privacy@blimp.ai\">privacy@blimp.ai<\/a><\/p>\t\t\t\t\t\t\t\t<\/div>\n\t\t\t\t<\/div>\n\t\t\t\t<div class=\"elementor-element elementor-element-e3481e7 elementor-widget elementor-widget-text-editor\" data-id=\"e3481e7\" data-element_type=\"widget\" data-e-type=\"widget\" data-widget_type=\"text-editor.default\">\n\t\t\t\t<div class=\"elementor-widget-container\">\n\t\t\t\t\t\t\t\t\t<h5><strong>Responsabile della Protezione dei Dati e Dettagli di contatto<\/strong><\/h5><p>Il Titolare ha provveduto a nominare formalmente un Responsabile per la protezione dei dati, al quale Lei potr\u00e0 rivolgersi in ogni momento per esercitare i Suoi diritti, scrivendo al seguente indirizzo: <a href=\"mailto:privacy@blimp.ai\">privacy@blimp.ai<\/a><\/p>\t\t\t\t\t\t\t\t<\/div>\n\t\t\t\t<\/div>\n\t\t\t\t<div class=\"elementor-element elementor-element-c801ec2 elementor-widget elementor-widget-text-editor\" data-id=\"c801ec2\" data-element_type=\"widget\" data-e-type=\"widget\" data-widget_type=\"text-editor.default\">\n\t\t\t\t<div class=\"elementor-widget-container\">\n\t\t\t\t\t\t\t\t\t<h5><strong>Finalit\u00e0 del trattamento, Base giuridica, Dati personali trattati e Periodo di conservazione<\/strong><\/h5><p>Il Titolare acquisisce dati personali per le seguenti finalit\u00e0, come specificato qui sotto, dove \u00e8 altres\u00ec evidenziata la base legale e la durata del trattamento dei dati.<\/p>\t\t\t\t\t\t\t\t<\/div>\n\t\t\t\t<\/div>\n\t\t\t\t<div class=\"elementor-element elementor-element-98451c5 elementor-widget elementor-widget-shortcode\" data-id=\"98451c5\" data-element_type=\"widget\" data-e-type=\"widget\" data-widget_type=\"shortcode.default\">\n\t\t\t\t<div class=\"elementor-widget-container\">\n\t\t\t\t\t\t\t<div class=\"elementor-shortcode\">\n<table id=\"tablepress-3\" class=\"tablepress tablepress-id-3 tbody-has-connected-cells\">\n<thead>\n<tr class=\"row-1\">\n\t<th class=\"column-1\">Finalit\u00e0<\/th><th class=\"column-2\">Dati Personali<\/th><th class=\"column-3\">Base giuridica<\/th><th class=\"column-4\">Periodo di conservazione<\/th>\n<\/tr>\n<\/thead>\n<tbody>\n<tr class=\"row-2\">\n\t<td rowspan=\"2\" class=\"column-1\">A.\u00a0\u00a0\u00a0 Contatto<\/td><td class=\"column-2\">\u2713 Informazioni Anagrafiche (Nome, cognome)<\/td><td rowspan=\"2\" class=\"column-3\">Esecuzione di misure precontrattuali [Art. 6, 1, lett. b) GDPR]<\/td><td rowspan=\"2\" class=\"column-4\">Per il periodo necessario alla risposta.<\/td>\n<\/tr>\n<tr class=\"row-3\">\n\t<td class=\"column-2\">\u2713 Dettagli di contatto (Indirizzo email)<\/td>\n<\/tr>\n<tr class=\"row-4\">\n\t<td rowspan=\"2\" class=\"column-1\">B.\tRegistrazione al Sito e gestione dell\u2019account<\/td><td class=\"column-2\">\u2713 Username, nome e cognome<\/td><td rowspan=\"2\" class=\"column-3\">Esecuzione di misure contrattuali [Art. 6, 1, lett. b) GDPR]<\/td><td rowspan=\"2\" class=\"column-4\">Fino alla cancellazione dell\u2019account e comunque non oltre i 24 mesi dalla data di ultimo accesso<\/td>\n<\/tr>\n<tr class=\"row-5\">\n\t<td class=\"column-2\">\u2713 Dettagli di contatto (Indirizzo email)<\/td>\n<\/tr>\n<tr class=\"row-6\">\n\t<td rowspan=\"4\" class=\"column-1\">C.\u00a0\u00a0\u00a0 Candidatura per una posizione lavorativa<\/td><td class=\"column-2\">\u2713 Informazioni Anagrafiche (Nome e cognome)<\/td><td rowspan=\"4\" class=\"column-3\">Esecuzione di misure precontrattuali [Art. 6, 1, lett. b) GDPR]<\/td><td rowspan=\"4\" class=\"column-4\">2 anni<\/td>\n<\/tr>\n<tr class=\"row-7\">\n\t<td class=\"column-2\">\u2713 Dettagli di contatto (Indirizzo email)<\/td>\n<\/tr>\n<tr class=\"row-8\">\n\t<td class=\"column-2\">\u2713 Dati relativi al percorso di studi<\/td>\n<\/tr>\n<tr class=\"row-9\">\n\t<td class=\"column-2\">\u2713 Dati relativi al percorso professionale<\/td>\n<\/tr>\n<tr class=\"row-10\">\n\t<td rowspan=\"2\" class=\"column-1\">D.\t Invio newsletter<\/td><td class=\"column-2\">\u2713 Informazioni Anagrafiche (Nome e cognome)<\/td><td rowspan=\"2\" class=\"column-3\">Consenso Art. 6, 1, lett. a) GDPR]<\/td><td rowspan=\"2\" class=\"column-4\">Fino al ritiro del<br \/>\nconsenso e non oltre 24 mesi dalla data di ultimo contatto.<\/td>\n<\/tr>\n<tr class=\"row-11\">\n\t<td class=\"column-2\">\u2713 Dettagli di contatto (Indirizzo email)<\/td>\n<\/tr>\n<tr class=\"row-12\">\n\t<td rowspan=\"2\" class=\"column-1\">E.\u00a0\u00a0 Permettere al Titolare di adempiere a formalit\u00e0 richieste per legge, comprese quelle di natura fiscale.<\/td><td class=\"column-2\">\u2713 Informazioni Anagrafiche<\/td><td rowspan=\"2\" class=\"column-3\">Obbligo di legge [Art. 6, 1, lett. c) GDPR] <\/td><td rowspan=\"2\" class=\"column-4\">In base alla normativa applicabile.<\/td>\n<\/tr>\n<tr class=\"row-13\">\n\t<td class=\"column-2\">\u2713 Dettagli di contatto<\/td>\n<\/tr>\n<tr class=\"row-14\">\n\t<td rowspan=\"2\" class=\"column-1\">F.\u00a0\u00a0 Migliorare il sito internet analizzando come i Visitatori o gli Utenti navigano e\/o utilizzano il sito web.<\/td><td rowspan=\"2\" class=\"column-2\">\u2713 Dati di utilizzo del sito<\/td><td class=\"column-3\">Interesse Legittimo<\/td><td rowspan=\"2\" class=\"column-4\">Non applicabile (dati aggregati o anonimi).<\/td>\n<\/tr>\n<tr class=\"row-15\">\n\t<td class=\"column-3\">[Art. 6, 1, lett. f) GDPR]  <\/td>\n<\/tr>\n<tr class=\"row-16\">\n\t<td rowspan=\"2\" class=\"column-1\">G.\u00a0\u00a0\u00a0 Individuare o prevenire attivit\u00e0 fraudolente ed esercitare i diritti del Titolare in tribunale<\/td><td class=\"column-2\">\u2713 Informazioni Anagrafiche<\/td><td class=\"column-3\">Interesse Legittimo<\/td><td rowspan=\"2\" class=\"column-4\">10 anni<\/td>\n<\/tr>\n<tr class=\"row-17\">\n\t<td class=\"column-2\">\u2713 Dettagli di contatto<\/td><td class=\"column-3\">[Art. 6, 1, lett. f) GDPR]  <\/td>\n<\/tr>\n<\/tbody>\n<\/table>\n<!-- #tablepress-3 from cache --><\/div>\n\t\t\t\t\t\t<\/div>\n\t\t\t\t<\/div>\n\t\t\t\t<div class=\"elementor-element elementor-element-9bc4c49 elementor-widget elementor-widget-text-editor\" data-id=\"9bc4c49\" data-element_type=\"widget\" data-e-type=\"widget\" data-widget_type=\"text-editor.default\">\n\t\t\t\t<div class=\"elementor-widget-container\">\n\t\t\t\t\t\t\t\t\t<p>Il conferimento dei tuoi Dati per le finalit\u00e0 sub A), B) e C) \u00e8 necessaria e obbligatoria sicch\u00e9, in caso di diniego, non potremo dare seguito al rapporto contrattuale con te e alla relativa fornitura dei servizi richiesti.<\/p><p>Il conferimento dei dati per la finalit\u00e0 D) \u00e8 facoltativo.<\/p><p>Il conferimento dei dati per la finalit\u00e0 E) \u00e8 obbligatorio per consentire al Titolare di ottemperare agli obblighi normativi a cui \u00e8 sottoposto.<\/p><p>Le attivit\u00e0 di trattamento sub F) ed G) non necessitano del tuo specifico consenso essendo basate sul legittimo interesse del Titolare previsto dall&#8217;art. 6, c. 1, lett. f) del GDPR. Ad ogni modo, in conformit\u00e0 al GDPR, abbiamo svolto un approfondito bilanciamento di interessi finalizzato a proteggere e garantire la privacy e i diritti fondamentali degli interessati.<\/p><p>L\u2019Utente pu\u00f2 chiedere chiarimenti sulla base giuridica di ciascun trattamento in qualunque momento.<\/p>\t\t\t\t\t\t\t\t<\/div>\n\t\t\t\t<\/div>\n\t\t\t\t<div class=\"elementor-element elementor-element-5bf2658 elementor-widget elementor-widget-text-editor\" data-id=\"5bf2658\" data-element_type=\"widget\" data-e-type=\"widget\" data-widget_type=\"text-editor.default\">\n\t\t\t\t<div class=\"elementor-widget-container\">\n\t\t\t\t\t\t\t\t\t<h5><strong>Modalit\u00e0 del Trattamento<\/strong><\/h5><p>Il trattamento avviene mediante strumenti informatici e telematici automatizzati e\/o manuali atti a garantire le misure di sicurezza adatte a impedire l\u2019accesso, la divulgazione, la perdita, usi non corretti, illeciti o non autorizzati dei dati.<\/p>\t\t\t\t\t\t\t\t<\/div>\n\t\t\t\t<\/div>\n\t\t\t\t<div class=\"elementor-element elementor-element-c257eca elementor-widget elementor-widget-text-editor\" data-id=\"c257eca\" data-element_type=\"widget\" data-e-type=\"widget\" data-widget_type=\"text-editor.default\">\n\t\t\t\t<div class=\"elementor-widget-container\">\n\t\t\t\t\t\t\t\t\t<h5><strong>Accesso ai dati<\/strong><\/h5><p>I Dati Personali possono essere condivisi con i seguenti soggetti, in conformit\u00e0 con le Leggi Applicabili sulla Privacy: (i) fornitori di servizi Internet e piattaforme utilizzate dal Titolare come strumenti di organizzazione, canali di comunicazione e\/o promozione; (ii) consulenti e altri fornitori di servizi terzi che svolgono servizi per noi o per nostro conto e richiedono l&#8217;accesso a tali informazioni per svolgere tale lavoro; (iii) soggetti pubblici a cui tali dati devono essere comunicati obbligatoriamente per previsioni di legge o ordini dell\u2019Autorit\u00e0.<\/p><p>\u00a0<\/p><p>Tali soggetti agiscono in qualit\u00e0 di autonomi titolari del trattamento o responsabili del trattamento. In tale ultimo caso, il Titolare ha stipulato specifico accordo ai sensi dell&#8217;art. 28 GDPR (Nomina a Responsabile del Trattamento). L\u2019elenco dei Responsabili del trattamento pu\u00f2 essere richiesto contattando il Titolare e\/o il DPO ai recapiti indicati.<\/p><p>\u00a0<\/p><p>I dati personali saranno trattati dal personale interno specificamente autorizzato ai sensi dell\u2019art. 29 del GDPR. I nomi di tutto il personale autorizzato sono disponibili, sotto richiesta al Titolare, all\u2019indirizzo privacy@blimp.ai.<\/p>\t\t\t\t\t\t\t\t<\/div>\n\t\t\t\t<\/div>\n\t\t\t\t<div class=\"elementor-element elementor-element-b3c49ab elementor-widget elementor-widget-text-editor\" data-id=\"b3c49ab\" data-element_type=\"widget\" data-e-type=\"widget\" data-widget_type=\"text-editor.default\">\n\t\t\t\t<div class=\"elementor-widget-container\">\n\t\t\t\t\t\t\t\t\t<h5><strong>Luogo del Trattamento dei Dati<\/strong><\/h5><p>I dati personali vengono trattati presso la sede del Titolare, nonch\u00e9 nei server che ospitano il sito web. I dati personali vengono conservati in server ubicati in territorio UE e non verranno in alcun caso trasferiti al di fuori degli stessi. Il Titolare del trattamento garantisce che quando si utilizzano fornitori di cloud stabiliti al di fuori del SEE, il trattamento dei dati personali da parte di questi destinatari viene effettuato in conformit\u00e0 alla legge applicabile. I trasferimenti sono effettuati mediante garanzie adeguate, quali decisioni di adeguatezza, clausole contrattuali standard approvate dalla Commissione europea o altre garanzie previste dal GDPR.<\/p>\t\t\t\t\t\t\t\t<\/div>\n\t\t\t\t<\/div>\n\t\t\t\t<div class=\"elementor-element elementor-element-4345a5d elementor-widget elementor-widget-text-editor\" data-id=\"4345a5d\" data-element_type=\"widget\" data-e-type=\"widget\" data-widget_type=\"text-editor.default\">\n\t\t\t\t<div class=\"elementor-widget-container\">\n\t\t\t\t\t\t\t\t\t<h5><strong>Diritti dell\u2019interessato<\/strong><\/h5><p>L\u2019Utente pu\u00f2 esercitare tutti i diritti previsti dagli artt. 15-21 del GDPR in qualunque momento e senza limitazioni ingiustificate, contattando il Titolare all\u2019indirizzo email privacy@blimp.ai. Le richieste sono depositate a titolo gratuito ed evase dal Titolare entro 30 giorni.<\/p><p>In particolare l\u2019Utente pu\u00f2:<\/p><ul><li>Ottenere conferma che sia in corso un trattamento (Art.15);<br \/><br \/><\/li><li>Ottenere la rettifica dei dati inesatti o incompleti (Art. 16);<br \/><br \/><\/li><li>Ottenere la cancellazione dei dati senza ingiustificato ritardo (Art. 17);<br \/><br \/><\/li><li>Limitare il trattamento solo a parte dei dati personali (Art. 18);<br \/><br \/><\/li><li>Ricevere copia dei dati personali in possesso del titolare, in formato d\u2019uso comune e leggibile da dispositivo automatico; ottenere trasferimento senza ostacoli ad un altro Titolare (Art. 20);<br \/><br \/><\/li><li>Opporsi in qualsiasi momento al trattamento dei dati personali. (Art. 21);<\/li><\/ul>\t\t\t\t\t\t\t\t<\/div>\n\t\t\t\t<\/div>\n\t\t\t\t<div class=\"elementor-element elementor-element-d1f60e2 elementor-widget elementor-widget-text-editor\" data-id=\"d1f60e2\" data-element_type=\"widget\" data-e-type=\"widget\" data-widget_type=\"text-editor.default\">\n\t\t\t\t<div class=\"elementor-widget-container\">\n\t\t\t\t\t\t\t\t\t<h5><strong>Reclami<\/strong><\/h5><p>L\u2019Utente pu\u00f2 sempre esporre un reclamo all\u2019Autorit\u00e0 competente (Garante per la Protezione dei Dati Personali), ai sensi dell\u2019Art. 77 del GDPR, se si ritiene che il Titolare processa i propri Dati Personali in violazione alla normativa applicabile.<\/p>\t\t\t\t\t\t\t\t<\/div>\n\t\t\t\t<\/div>\n\t\t\t\t<div class=\"elementor-element elementor-element-2169c93 elementor-widget elementor-widget-text-editor\" data-id=\"2169c93\" data-element_type=\"widget\" data-e-type=\"widget\" data-widget_type=\"text-editor.default\">\n\t\t\t\t<div class=\"elementor-widget-container\">\n\t\t\t\t\t\t\t\t\t<h5><strong>Modifiche<\/strong><\/h5><p>Il Titolare si riserva il diritto di modificare e aggiornare la seguente Privacy Policy a seguito di qualsiasi nuova disposizione di legge nazionale o Europea sulla protezione dei dati personali.<\/p>\t\t\t\t\t\t\t\t<\/div>\n\t\t\t\t<\/div>\n\t\t\t\t<\/div>\n\t\t\t\t\t<\/div>\n\t\t\t\t<\/div>\n\t\t\t\t<\/div>\n\t\t","protected":false},"excerpt":{"rendered":"<p>Privacy Policy &#8211; blimp.ai Ultimo aggiornamento: 22.02.2024 Che cos&#8217;\u00e8 questo documento? Attraverso la presente informativa privacy redatta ai sensi dell\u2019art. 13 Reg. Europeo n. 679\/2016 (\u201cRegolamento Generale sulla Protezione dei Dati\u201d o \u201cGDPR\u201d) e in osservanza dei princ\u00ecpi ivi contenuti, Blimp S.r.l. intende informare ciascun utente (\u201cl\u2019Utente\u201d) del trattamento dei dati personali raccolti tramite il [&hellip;]<\/p>\n","protected":false},"author":7,"featured_media":0,"parent":0,"menu_order":0,"comment_status":"closed","ping_status":"closed","template":"","meta":{"_acf_changed":false,"footnotes":""},"class_list":["post-4735","page","type-page","status-publish","hentry"],"acf":[],"_links":{"self":[{"href":"https:\/\/blimp.ai\/es\/wp-json\/wp\/v2\/pages\/4735","targetHints":{"allow":["GET"]}}],"collection":[{"href":"https:\/\/blimp.ai\/es\/wp-json\/wp\/v2\/pages"}],"about":[{"href":"https:\/\/blimp.ai\/es\/wp-json\/wp\/v2\/types\/page"}],"author":[{"embeddable":true,"href":"https:\/\/blimp.ai\/es\/wp-json\/wp\/v2\/users\/7"}],"replies":[{"embeddable":true,"href":"https:\/\/blimp.ai\/es\/wp-json\/wp\/v2\/comments?post=4735"}],"version-history":[{"count":23,"href":"https:\/\/blimp.ai\/es\/wp-json\/wp\/v2\/pages\/4735\/revisions"}],"predecessor-version":[{"id":11831,"href":"https:\/\/blimp.ai\/es\/wp-json\/wp\/v2\/pages\/4735\/revisions\/11831"}],"wp:attachment":[{"href":"https:\/\/blimp.ai\/es\/wp-json\/wp\/v2\/media?parent=4735"}],"curies":[{"name":"wp","href":"https:\/\/api.w.org\/{rel}","templated":true}]}}