{"id":96,"date":"2024-01-03T12:51:10","date_gmt":"2024-01-03T11:51:10","guid":{"rendered":"https:\/\/staging.blimp.ai\/?page_id=96"},"modified":"2024-05-09T17:27:44","modified_gmt":"2024-05-09T15:27:44","slug":"trabaja-con-nosotros","status":"publish","type":"page","link":"https:\/\/blimp.ai\/es\/lavora-con-noi\/","title":{"rendered":"Trabaja con nosotros"},"content":{"rendered":"<div data-elementor-type=\"wp-page\" data-elementor-id=\"96\" class=\"elementor elementor-96\" data-elementor-post-type=\"page\">\n\t\t\t\t<div class=\"elementor-element elementor-element-ac457fb e-con-full e-flex e-con e-parent\" data-id=\"ac457fb\" data-element_type=\"container\" data-e-type=\"container\">\n\t\t<div class=\"elementor-element elementor-element-2da880f e-con-full e-flex e-con e-child\" data-id=\"2da880f\" data-element_type=\"container\" data-e-type=\"container\">\n\t\t\t\t<div class=\"elementor-element elementor-element-43b5e98 elementor-widget elementor-widget-heading\" data-id=\"43b5e98\" data-element_type=\"widget\" data-e-type=\"widget\" data-widget_type=\"heading.default\">\n\t\t\t\t<div class=\"elementor-widget-container\">\n\t\t\t\t\t<h2 class=\"elementor-heading-title elementor-size-default\">Trabaja con nosotros<\/h2>\t\t\t\t<\/div>\n\t\t\t\t<\/div>\n\t\t\t\t<div class=\"elementor-element elementor-element-5f3b8f1 elementor-widget elementor-widget-text-editor\" data-id=\"5f3b8f1\" data-element_type=\"widget\" data-e-type=\"widget\" data-widget_type=\"text-editor.default\">\n\t\t\t\t<div class=\"elementor-widget-container\">\n\t\t\t\t\t\t\t\t\t<p>Trabajar en Blimp significa unirse a una empresa apasionante, joven y altamente cualificada que est\u00e1 viviendo el cambio en la medici\u00f3n de audiencias en diversos contextos de aplicaci\u00f3n.<\/p><p>Llevamos a cabo actividades apasionantes que requieren profesionales apasionados y centrados que nos ayuden en nuestra misi\u00f3n: llevar las m\u00e9tricas digitales al mundo f\u00edsico.<\/p>\t\t\t\t\t\t\t\t<\/div>\n\t\t\t\t<\/div>\n\t\t\t\t<div class=\"elementor-element elementor-element-1998dec hover-freccia-viola  elementor-widget elementor-widget-button\" data-id=\"1998dec\" data-element_type=\"widget\" data-e-type=\"widget\" data-widget_type=\"button.default\">\n\t\t\t\t<div class=\"elementor-widget-container\">\n\t\t\t\t\t\t\t\t\t<div class=\"elementor-button-wrapper\">\n\t\t\t\t\t<a class=\"elementor-button elementor-button-link elementor-size-sm\" href=\"https:\/\/blimp.ai\/es\/contactos\/\">\n\t\t\t\t\t\t<span class=\"elementor-button-content-wrapper\">\n\t\t\t\t\t\t<span class=\"elementor-button-icon\">\n\t\t\t\t<svg xmlns=\"http:\/\/www.w3.org\/2000\/svg\" width=\"25\" height=\"16\" viewbox=\"0 0 25 16\" fill=\"none\"><path id=\"Arrow 2\" d=\"M24.7071 8.70711C25.0976 8.31658 25.0976 7.68342 24.7071 7.29289L18.3431 0.928932C17.9526 0.538408 17.3195 0.538408 16.9289 0.928932C16.5384 1.31946 16.5384 1.95262 16.9289 2.34315L22.5858 8L16.9289 13.6569C16.5384 14.0474 16.5384 14.6805 16.9289 15.0711C17.3195 15.4616 17.9526 15.4616 18.3431 15.0711L24.7071 8.70711ZM0 9H24V7H0V9Z\" fill=\"white\"><\/path><\/svg>\t\t\t<\/span>\n\t\t\t\t\t\t\t\t\t<span class=\"elementor-button-text\">CONTACTO<\/span>\n\t\t\t\t\t<\/span>\n\t\t\t\t\t<\/a>\n\t\t\t\t<\/div>\n\t\t\t\t\t\t\t\t<\/div>\n\t\t\t\t<\/div>\n\t\t\t\t<\/div>\n\t\t<div class=\"elementor-element elementor-element-02c9b64 e-con-full e-flex e-con e-child\" data-id=\"02c9b64\" data-element_type=\"container\" data-e-type=\"container\">\n\t\t\t\t<div data-dce-text-color=\"#adadad\" data-dce-title-color=\"#ffffff\" class=\"elementor-element elementor-element-c43bffa elementor-widget elementor-widget-ucaddon_image_card_carousel\" data-id=\"c43bffa\" data-element_type=\"widget\" data-e-type=\"widget\" data-widget_type=\"ucaddon_image_card_carousel.default\">\n\t\t\t\t<div class=\"elementor-widget-container\">\n\t\t\t\t\t\n<!-- start Unlimited Carousel -->\n\t\t<link id='font-awesome-css' href='https:\/\/blimp.ai\/wp-content\/plugins\/unlimited-elements-for-elementor-premium\/assets_libraries\/font-awesome6\/fontawesome-all.min.css' type='text\/css' rel='stylesheet' >\n\t\t<link id='font-awesome-4-shim-css' href='https:\/\/blimp.ai\/wp-content\/plugins\/unlimited-elements-for-elementor-premium\/assets_libraries\/font-awesome6\/fontawesome-v4-shims.min.css' type='text\/css' rel='stylesheet' >\n\t\t<link id='owl-carousel-css' href='https:\/\/blimp.ai\/wp-content\/plugins\/unlimited-elements-for-elementor-premium\/assets_libraries\/owl-carousel-new\/assets\/owl.carousel.css' type='text\/css' rel='stylesheet' >\n\n<style>\/* widget: Unlimited Carousel *\/\n\n#uc_image_card_carousel_elementor_c43bffa{\n  min-height:1px;\n}\n\n#uc_image_card_carousel_elementor_c43bffa-wrapper\n{\n  min-height:1px;\n}\n\n#uc_image_card_carousel_elementor_c43bffa .owl-dots {\noverflow:hidden;\ndisplay:none !important;\ntext-align:center;\n}\n\n#uc_image_card_carousel_elementor_c43bffa .owl-dot {\nborder-radius:50%;\ndisplay:inline-block;\n}\n\n#uc_image_card_carousel_elementor_c43bffa .owl-nav .owl-prev{\n    position:absolute;\n    display:inline-block;\n    text-align:center;\n        \n}\n#uc_image_card_carousel_elementor_c43bffa .owl-nav .owl-next{\n  position:absolute;\n  display:inline-block;\n  text-align:center;\n  }\n\n.uc_dark_carousel *{\n\tmargin:0;\n\tpadding:0;\n\t-webkit-box-sizing: border-box;\n\t-moz-box-sizing: border-box;\n\tbox-sizing: border-box;\n}\n\n.uc_dark_carousel .uc_dark_carousel_box\n{\n\tmargin:0 auto;\n}\n\n#uc_image_card_carousel_elementor_c43bffa .uc_dark_carousel_container_holder\n{\n\tfont-size:14px;\n\toverflow:hidden;\n\tposition:relative;\n\twidth:100%;\n}\n\n.ue-title\n{\n\tfont-size:21px;\n}\n\n#uc_image_card_carousel_elementor_c43bffa .uc_dark_carousel_content\n{\n  display:flex;\n  flex-direction:column;\n}\n\n#uc_image_card_carousel_elementor_c43bffa .ue-content-bottom\n{\n  margin-top:auto;\n}\n\n#uc_image_card_carousel_elementor_c43bffa  .uc_dark_carousel_placeholder\n{\n  position:relative;\n  overflow:hidden;\n}\n\n#uc_image_card_carousel_elementor_c43bffa .ue-btn-inner-wrapper\n{\n  display:flex;\n  align-items:center;\n}\n\n#uc_image_card_carousel_elementor_c43bffa .ue-btn-inner-wrapper svg\n{\n  height:1em;\n  width:1em;\n}\n\n#uc_image_card_carousel_elementor_c43bffa  .uc_dark_carousel_placeholder img\n{\n\twidth:100%;\n    transition:0.3s;\n}\n\n#uc_image_card_carousel_elementor_c43bffa .uc_dark_carousel_content .uc_more_btn {\n\tdisplay:inline-block;\n}\n\n#uc_image_card_carousel_elementor_c43bffa .centered .ue-item{\n\tborder: 3px solid yellow;\n}\n\n\n.ue-item-badge\n{\n  font-size:11px;\n}\n\n#uc_image_card_carousel_elementor_c43bffa .ue-item-badge\n{\n  position:absolute;\n  right:10px;\n  top:10px;\n}\n\n\n\n\n\n<\/style>\n\n<div id=\"uc_image_card_carousel_elementor_c43bffa-wrapper\">\n<div class=\"uc_dark_carousel\" style=\"direction:ltr;\" >   <div class=\"uc_dark_carousel_box owl-carousel uc-items-wrapper\" id=\"uc_image_card_carousel_elementor_c43bffa\"  >\n      <div class=\"ue-item-holder elementor-repeater-item-69c452c\">\n<div class=\"uc_dark_carousel_container_holder ue-item\" >\n  \n  <div class=\"uc_dark_carousel_placeholder\">\n    <a href=\"#\"  ><img decoding=\"async\" src=\"https:\/\/blimp.ai\/wp-content\/uploads\/2024\/03\/LAVORA-CON-NOI-01.jpg\" alt=\"trabaja con nosotros\" title=\"Deep tech per il monitoraggio dei dati in ambienti urbani\"><\/a>\n    \t\n      \n    \t\n    \n  <\/div>\n  \n    <div class=\"uc_dark_carousel_content\" style=\"\">\n    \n        \n        \n      <\/div>\n    <\/div>\n<\/div>\n<div class=\"ue-item-holder elementor-repeater-item-42ab9bc\">\n<div class=\"uc_dark_carousel_container_holder ue-item\" >\n  \n  <div class=\"uc_dark_carousel_placeholder\">\n    <a href=\"#\"  ><img decoding=\"async\" src=\"https:\/\/blimp.ai\/wp-content\/uploads\/2024\/03\/LAVORA-CON-NOI-02.jpg\" alt=\"trabaja con nosotros\" title=\"Deep tech per il monitoraggio dei dati in ambienti urbani\"><\/a>\n    \t\n      \n    \t\n    \n  <\/div>\n  \n    <div class=\"uc_dark_carousel_content\" style=\"\">\n    \n        \n        \n      <\/div>\n    <\/div>\n<\/div>\n<div class=\"ue-item-holder elementor-repeater-item-b23750f\">\n<div class=\"uc_dark_carousel_container_holder ue-item\" >\n  \n  <div class=\"uc_dark_carousel_placeholder\">\n    <a href=\"#\"  ><img decoding=\"async\" src=\"https:\/\/blimp.ai\/wp-content\/uploads\/2024\/03\/LAVORA-CON-NOI-03.jpg\" alt=\"trabaja con nosotros\" title=\"Deep tech per il monitoraggio dei dati in ambienti urbani\"><\/a>\n    \t\n      \n    \t\n    \n  <\/div>\n  \n    <div class=\"uc_dark_carousel_content\" style=\"\">\n    \n        \n        \n      <\/div>\n    <\/div>\n<\/div>\n\n   <\/div>\n<\/div>\n<\/div>\n<!-- end Unlimited Carousel -->\t\t\t\t<\/div>\n\t\t\t\t<\/div>\n\t\t\t\t<\/div>\n\t\t\t\t<\/div>\n\t\t<div class=\"elementor-element elementor-element-88f0539 e-con-full e-flex e-con e-parent\" data-id=\"88f0539\" data-element_type=\"container\" data-e-type=\"container\">\n\t\t<div class=\"elementor-element elementor-element-d2a8de5 e-con-full e-flex e-con e-child\" data-id=\"d2a8de5\" data-element_type=\"container\" data-e-type=\"container\">\n\t\t\t\t<div class=\"elementor-element elementor-element-071bed1 elementor-widget elementor-widget-button\" data-id=\"071bed1\" data-element_type=\"widget\" data-e-type=\"widget\" data-widget_type=\"button.default\">\n\t\t\t\t<div class=\"elementor-widget-container\">\n\t\t\t\t\t\t\t\t\t<div class=\"elementor-button-wrapper\">\n\t\t\t\t\t<a class=\"elementor-button elementor-size-sm\" role=\"button\">\n\t\t\t\t\t\t<span class=\"elementor-button-content-wrapper\">\n\t\t\t\t\t\t\t\t\t<span class=\"elementor-button-text\">TALENTO<\/span>\n\t\t\t\t\t<\/span>\n\t\t\t\t\t<\/a>\n\t\t\t\t<\/div>\n\t\t\t\t\t\t\t\t<\/div>\n\t\t\t\t<\/div>\n\t\t\t\t<div class=\"elementor-element elementor-element-093929d elementor-widget elementor-widget-button\" data-id=\"093929d\" data-element_type=\"widget\" data-e-type=\"widget\" data-widget_type=\"button.default\">\n\t\t\t\t<div class=\"elementor-widget-container\">\n\t\t\t\t\t\t\t\t\t<div class=\"elementor-button-wrapper\">\n\t\t\t\t\t<a class=\"elementor-button elementor-size-sm\" role=\"button\">\n\t\t\t\t\t\t<span class=\"elementor-button-content-wrapper\">\n\t\t\t\t\t\t\t\t\t<span class=\"elementor-button-text\">INNOVACI\u00d3N<\/span>\n\t\t\t\t\t<\/span>\n\t\t\t\t\t<\/a>\n\t\t\t\t<\/div>\n\t\t\t\t\t\t\t\t<\/div>\n\t\t\t\t<\/div>\n\t\t\t\t<div class=\"elementor-element elementor-element-d606c14 elementor-widget elementor-widget-button\" data-id=\"d606c14\" data-element_type=\"widget\" data-e-type=\"widget\" data-widget_type=\"button.default\">\n\t\t\t\t<div class=\"elementor-widget-container\">\n\t\t\t\t\t\t\t\t\t<div class=\"elementor-button-wrapper\">\n\t\t\t\t\t<a class=\"elementor-button elementor-size-sm\" role=\"button\">\n\t\t\t\t\t\t<span class=\"elementor-button-content-wrapper\">\n\t\t\t\t\t\t\t\t\t<span class=\"elementor-button-text\">CREATIVIDAD<\/span>\n\t\t\t\t\t<\/span>\n\t\t\t\t\t<\/a>\n\t\t\t\t<\/div>\n\t\t\t\t\t\t\t\t<\/div>\n\t\t\t\t<\/div>\n\t\t\t\t<div class=\"elementor-element elementor-element-d64a93e elementor-widget elementor-widget-button\" data-id=\"d64a93e\" data-element_type=\"widget\" data-e-type=\"widget\" data-widget_type=\"button.default\">\n\t\t\t\t<div class=\"elementor-widget-container\">\n\t\t\t\t\t\t\t\t\t<div class=\"elementor-button-wrapper\">\n\t\t\t\t\t<a class=\"elementor-button elementor-size-sm\" role=\"button\">\n\t\t\t\t\t\t<span class=\"elementor-button-content-wrapper\">\n\t\t\t\t\t\t\t\t\t<span class=\"elementor-button-text\">MOTIVACI\u00d3N<\/span>\n\t\t\t\t\t<\/span>\n\t\t\t\t\t<\/a>\n\t\t\t\t<\/div>\n\t\t\t\t\t\t\t\t<\/div>\n\t\t\t\t<\/div>\n\t\t\t\t<div class=\"elementor-element elementor-element-0f1405a elementor-widget elementor-widget-button\" data-id=\"0f1405a\" data-element_type=\"widget\" data-e-type=\"widget\" data-widget_type=\"button.default\">\n\t\t\t\t<div class=\"elementor-widget-container\">\n\t\t\t\t\t\t\t\t\t<div class=\"elementor-button-wrapper\">\n\t\t\t\t\t<a class=\"elementor-button elementor-size-sm\" role=\"button\">\n\t\t\t\t\t\t<span class=\"elementor-button-content-wrapper\">\n\t\t\t\t\t\t\t\t\t<span class=\"elementor-button-text\">RESPONSABILIDAD<\/span>\n\t\t\t\t\t<\/span>\n\t\t\t\t\t<\/a>\n\t\t\t\t<\/div>\n\t\t\t\t\t\t\t\t<\/div>\n\t\t\t\t<\/div>\n\t\t\t\t<div class=\"elementor-element elementor-element-b17f358 elementor-widget elementor-widget-button\" data-id=\"b17f358\" data-element_type=\"widget\" data-e-type=\"widget\" data-widget_type=\"button.default\">\n\t\t\t\t<div class=\"elementor-widget-container\">\n\t\t\t\t\t\t\t\t\t<div class=\"elementor-button-wrapper\">\n\t\t\t\t\t<a class=\"elementor-button elementor-size-sm\" role=\"button\">\n\t\t\t\t\t\t<span class=\"elementor-button-content-wrapper\">\n\t\t\t\t\t\t\t\t\t<span class=\"elementor-button-text\">DINAMISMO<\/span>\n\t\t\t\t\t<\/span>\n\t\t\t\t\t<\/a>\n\t\t\t\t<\/div>\n\t\t\t\t\t\t\t\t<\/div>\n\t\t\t\t<\/div>\n\t\t\t\t<div class=\"elementor-element elementor-element-8108bfe elementor-widget elementor-widget-button\" data-id=\"8108bfe\" data-element_type=\"widget\" data-e-type=\"widget\" data-widget_type=\"button.default\">\n\t\t\t\t<div class=\"elementor-widget-container\">\n\t\t\t\t\t\t\t\t\t<div class=\"elementor-button-wrapper\">\n\t\t\t\t\t<a class=\"elementor-button elementor-size-sm\" role=\"button\">\n\t\t\t\t\t\t<span class=\"elementor-button-content-wrapper\">\n\t\t\t\t\t\t\t\t\t<span class=\"elementor-button-text\">EMPAT\u00cdA<\/span>\n\t\t\t\t\t<\/span>\n\t\t\t\t\t<\/a>\n\t\t\t\t<\/div>\n\t\t\t\t\t\t\t\t<\/div>\n\t\t\t\t<\/div>\n\t\t\t\t<div class=\"elementor-element elementor-element-5d716ad elementor-widget elementor-widget-button\" data-id=\"5d716ad\" data-element_type=\"widget\" data-e-type=\"widget\" data-widget_type=\"button.default\">\n\t\t\t\t<div class=\"elementor-widget-container\">\n\t\t\t\t\t\t\t\t\t<div class=\"elementor-button-wrapper\">\n\t\t\t\t\t<a class=\"elementor-button elementor-size-sm\" role=\"button\">\n\t\t\t\t\t\t<span class=\"elementor-button-content-wrapper\">\n\t\t\t\t\t\t\t\t\t<span class=\"elementor-button-text\">EQUIPO<\/span>\n\t\t\t\t\t<\/span>\n\t\t\t\t\t<\/a>\n\t\t\t\t<\/div>\n\t\t\t\t\t\t\t\t<\/div>\n\t\t\t\t<\/div>\n\t\t\t\t<div class=\"elementor-element elementor-element-d3309bd elementor-widget elementor-widget-button\" data-id=\"d3309bd\" data-element_type=\"widget\" data-e-type=\"widget\" data-widget_type=\"button.default\">\n\t\t\t\t<div class=\"elementor-widget-container\">\n\t\t\t\t\t\t\t\t\t<div class=\"elementor-button-wrapper\">\n\t\t\t\t\t<a class=\"elementor-button elementor-size-sm\" role=\"button\">\n\t\t\t\t\t\t<span class=\"elementor-button-content-wrapper\">\n\t\t\t\t\t\t\t\t\t<span class=\"elementor-button-text\">ENERG\u00cdA<\/span>\n\t\t\t\t\t<\/span>\n\t\t\t\t\t<\/a>\n\t\t\t\t<\/div>\n\t\t\t\t\t\t\t\t<\/div>\n\t\t\t\t<\/div>\n\t\t\t\t<div class=\"elementor-element elementor-element-e6ed834 elementor-widget elementor-widget-button\" data-id=\"e6ed834\" data-element_type=\"widget\" data-e-type=\"widget\" data-widget_type=\"button.default\">\n\t\t\t\t<div class=\"elementor-widget-container\">\n\t\t\t\t\t\t\t\t\t<div class=\"elementor-button-wrapper\">\n\t\t\t\t\t<a class=\"elementor-button elementor-size-sm\" role=\"button\">\n\t\t\t\t\t\t<span class=\"elementor-button-content-wrapper\">\n\t\t\t\t\t\t\t\t\t<span class=\"elementor-button-text\">LIDERAZGO<\/span>\n\t\t\t\t\t<\/span>\n\t\t\t\t\t<\/a>\n\t\t\t\t<\/div>\n\t\t\t\t\t\t\t\t<\/div>\n\t\t\t\t<\/div>\n\t\t\t\t<div class=\"elementor-element elementor-element-e0f537a elementor-widget elementor-widget-button\" data-id=\"e0f537a\" data-element_type=\"widget\" data-e-type=\"widget\" data-widget_type=\"button.default\">\n\t\t\t\t<div class=\"elementor-widget-container\">\n\t\t\t\t\t\t\t\t\t<div class=\"elementor-button-wrapper\">\n\t\t\t\t\t<a class=\"elementor-button elementor-size-sm\" role=\"button\">\n\t\t\t\t\t\t<span class=\"elementor-button-content-wrapper\">\n\t\t\t\t\t\t\t\t\t<span class=\"elementor-button-text\">\u00c9TICA<\/span>\n\t\t\t\t\t<\/span>\n\t\t\t\t\t<\/a>\n\t\t\t\t<\/div>\n\t\t\t\t\t\t\t\t<\/div>\n\t\t\t\t<\/div>\n\t\t\t\t<div class=\"elementor-element elementor-element-c76b60b elementor-widget elementor-widget-button\" data-id=\"c76b60b\" data-element_type=\"widget\" data-e-type=\"widget\" data-widget_type=\"button.default\">\n\t\t\t\t<div class=\"elementor-widget-container\">\n\t\t\t\t\t\t\t\t\t<div class=\"elementor-button-wrapper\">\n\t\t\t\t\t<a class=\"elementor-button elementor-size-sm\" role=\"button\">\n\t\t\t\t\t\t<span class=\"elementor-button-content-wrapper\">\n\t\t\t\t\t\t\t\t\t<span class=\"elementor-button-text\">SIMPAT\u00cdA<\/span>\n\t\t\t\t\t<\/span>\n\t\t\t\t\t<\/a>\n\t\t\t\t<\/div>\n\t\t\t\t\t\t\t\t<\/div>\n\t\t\t\t<\/div>\n\t\t\t\t<\/div>\n\t\t\t\t<\/div>\n\t\t<div class=\"elementor-element elementor-element-d068053 e-con-full e-flex e-con e-parent\" data-id=\"d068053\" data-element_type=\"container\" data-e-type=\"container\">\n\t\t<div class=\"elementor-element elementor-element-81eb435 e-con-full e-flex e-con e-child\" data-id=\"81eb435\" data-element_type=\"container\" data-e-type=\"container\">\n\t\t\t\t<div class=\"elementor-element elementor-element-e4da476 elementor-widget elementor-widget-heading\" data-id=\"e4da476\" data-element_type=\"widget\" data-e-type=\"widget\" data-widget_type=\"heading.default\">\n\t\t\t\t<div class=\"elementor-widget-container\">\n\t\t\t\t\t<h2 class=\"elementor-heading-title elementor-size-default\">Aplicaciones<\/h2>\t\t\t\t<\/div>\n\t\t\t\t<\/div>\n\t\t\t\t<div class=\"elementor-element elementor-element-4347c40 elementor-widget elementor-widget-text-editor\" data-id=\"4347c40\" data-element_type=\"widget\" data-e-type=\"widget\" data-widget_type=\"text-editor.default\">\n\t\t\t\t<div class=\"elementor-widget-container\">\n\t\t\t\t\t\t\t\t\t<p>Abrazamos la innovaci\u00f3n y siempre estamos buscando personas con talento, que encontrar\u00e1n en Blimp un entorno din\u00e1mico e innovador.<\/p><p>Descubre nuestros puestos vacantes o env\u00edanos tu candidatura espont\u00e1nea cont\u00e1ndonos por qu\u00e9 has elegido Blimp.<\/p>\t\t\t\t\t\t\t\t<\/div>\n\t\t\t\t<\/div>\n\t\t<div class=\"elementor-element elementor-element-87d81b3 e-flex e-con-boxed e-con e-child\" data-id=\"87d81b3\" data-element_type=\"container\" data-e-type=\"container\">\n\t\t\t\t\t<div class=\"e-con-inner\">\n\t\t\t\t<div class=\"elementor-element elementor-element-e19ae70 hover-freccia-viola  elementor-widget elementor-widget-button\" data-id=\"e19ae70\" data-element_type=\"widget\" data-e-type=\"widget\" data-widget_type=\"button.default\">\n\t\t\t\t<div class=\"elementor-widget-container\">\n\t\t\t\t\t\t\t\t\t<div class=\"elementor-button-wrapper\">\n\t\t\t\t\t<a class=\"elementor-button elementor-button-link elementor-size-sm\" href=\"https:\/\/www.linkedin.com\/company\/blimp-s-r-l\/jobs\/?viewAsMember=true\" target=\"_blank\" rel=\"noopener\">\n\t\t\t\t\t\t<span class=\"elementor-button-content-wrapper\">\n\t\t\t\t\t\t<span class=\"elementor-button-icon\">\n\t\t\t\t<svg xmlns=\"http:\/\/www.w3.org\/2000\/svg\" width=\"25\" height=\"16\" viewbox=\"0 0 25 16\" fill=\"none\"><path id=\"Arrow 2\" d=\"M24.7071 8.70711C25.0976 8.31658 25.0976 7.68342 24.7071 7.29289L18.3431 0.928932C17.9526 0.538408 17.3195 0.538408 16.9289 0.928932C16.5384 1.31946 16.5384 1.95262 16.9289 2.34315L22.5858 8L16.9289 13.6569C16.5384 14.0474 16.5384 14.6805 16.9289 15.0711C17.3195 15.4616 17.9526 15.4616 18.3431 15.0711L24.7071 8.70711ZM0 9H24V7H0V9Z\" fill=\"white\"><\/path><\/svg>\t\t\t<\/span>\n\t\t\t\t\t\t\t\t\t<span class=\"elementor-button-text\">OFERTAS DE EMPLEO<\/span>\n\t\t\t\t\t<\/span>\n\t\t\t\t\t<\/a>\n\t\t\t\t<\/div>\n\t\t\t\t\t\t\t\t<\/div>\n\t\t\t\t<\/div>\n\t\t\t\t<div class=\"elementor-element elementor-element-959e4b1 hover-freccia-viola  elementor-widget elementor-widget-button\" data-id=\"959e4b1\" data-element_type=\"widget\" data-e-type=\"widget\" data-widget_type=\"button.default\">\n\t\t\t\t<div class=\"elementor-widget-container\">\n\t\t\t\t\t\t\t\t\t<div class=\"elementor-button-wrapper\">\n\t\t\t\t\t<a class=\"elementor-button elementor-button-link elementor-size-sm\" href=\"mailto:info@blimp.ai\" target=\"_blank\">\n\t\t\t\t\t\t<span class=\"elementor-button-content-wrapper\">\n\t\t\t\t\t\t<span class=\"elementor-button-icon\">\n\t\t\t\t<svg xmlns=\"http:\/\/www.w3.org\/2000\/svg\" width=\"25\" height=\"16\" viewbox=\"0 0 25 16\" fill=\"none\"><path id=\"Arrow 2\" d=\"M24.7071 8.70711C25.0976 8.31658 25.0976 7.68342 24.7071 7.29289L18.3431 0.928932C17.9526 0.538408 17.3195 0.538408 16.9289 0.928932C16.5384 1.31946 16.5384 1.95262 16.9289 2.34315L22.5858 8L16.9289 13.6569C16.5384 14.0474 16.5384 14.6805 16.9289 15.0711C17.3195 15.4616 17.9526 15.4616 18.3431 15.0711L24.7071 8.70711ZM0 9H24V7H0V9Z\" fill=\"white\"><\/path><\/svg>\t\t\t<\/span>\n\t\t\t\t\t\t\t\t\t<span class=\"elementor-button-text\">CANDIDATURA ESPONT\u00c1NEA<\/span>\n\t\t\t\t\t<\/span>\n\t\t\t\t\t<\/a>\n\t\t\t\t<\/div>\n\t\t\t\t\t\t\t\t<\/div>\n\t\t\t\t<\/div>\n\t\t\t\t\t<\/div>\n\t\t\t\t<\/div>\n\t\t\t\t<\/div>\n\t\t<div class=\"elementor-element elementor-element-4b6bb89 e-con-full e-flex e-con e-child\" data-id=\"4b6bb89\" data-element_type=\"container\" data-e-type=\"container\">\n\t\t\t\t<div data-dce-text-color=\"#adadad\" data-dce-title-color=\"#ffffff\" class=\"elementor-element elementor-element-4d3349c elementor-widget elementor-widget-ucaddon_image_card_carousel\" data-id=\"4d3349c\" data-element_type=\"widget\" data-e-type=\"widget\" data-widget_type=\"ucaddon_image_card_carousel.default\">\n\t\t\t\t<div class=\"elementor-widget-container\">\n\t\t\t\t\t\n<!-- start Unlimited Carousel -->\n\n<style>\/* widget: Unlimited Carousel *\/\n\n#uc_image_card_carousel_elementor_4d3349c{\n  min-height:1px;\n}\n\n#uc_image_card_carousel_elementor_4d3349c-wrapper\n{\n  min-height:1px;\n}\n\n#uc_image_card_carousel_elementor_4d3349c .owl-dots {\noverflow:hidden;\ndisplay:none !important;\ntext-align:center;\n}\n\n#uc_image_card_carousel_elementor_4d3349c .owl-dot {\nborder-radius:50%;\ndisplay:inline-block;\n}\n\n#uc_image_card_carousel_elementor_4d3349c .owl-nav .owl-prev{\n    position:absolute;\n    display:inline-block;\n    text-align:center;\n        \n}\n#uc_image_card_carousel_elementor_4d3349c .owl-nav .owl-next{\n  position:absolute;\n  display:inline-block;\n  text-align:center;\n  }\n\n.uc_dark_carousel *{\n\tmargin:0;\n\tpadding:0;\n\t-webkit-box-sizing: border-box;\n\t-moz-box-sizing: border-box;\n\tbox-sizing: border-box;\n}\n\n.uc_dark_carousel .uc_dark_carousel_box\n{\n\tmargin:0 auto;\n}\n\n#uc_image_card_carousel_elementor_4d3349c .uc_dark_carousel_container_holder\n{\n\tfont-size:14px;\n\toverflow:hidden;\n\tposition:relative;\n\twidth:100%;\n}\n\n.ue-title\n{\n\tfont-size:21px;\n}\n\n#uc_image_card_carousel_elementor_4d3349c .uc_dark_carousel_content\n{\n  display:flex;\n  flex-direction:column;\n}\n\n#uc_image_card_carousel_elementor_4d3349c .ue-content-bottom\n{\n  margin-top:auto;\n}\n\n#uc_image_card_carousel_elementor_4d3349c  .uc_dark_carousel_placeholder\n{\n  position:relative;\n  overflow:hidden;\n}\n\n#uc_image_card_carousel_elementor_4d3349c .ue-btn-inner-wrapper\n{\n  display:flex;\n  align-items:center;\n}\n\n#uc_image_card_carousel_elementor_4d3349c .ue-btn-inner-wrapper svg\n{\n  height:1em;\n  width:1em;\n}\n\n#uc_image_card_carousel_elementor_4d3349c  .uc_dark_carousel_placeholder img\n{\n\twidth:100%;\n    transition:0.3s;\n}\n\n#uc_image_card_carousel_elementor_4d3349c .uc_dark_carousel_content .uc_more_btn {\n\tdisplay:inline-block;\n}\n\n#uc_image_card_carousel_elementor_4d3349c .centered .ue-item{\n\tborder: 3px solid yellow;\n}\n\n\n.ue-item-badge\n{\n  font-size:11px;\n}\n\n#uc_image_card_carousel_elementor_4d3349c .ue-item-badge\n{\n  position:absolute;\n  right:10px;\n  top:10px;\n}\n\n\n\n\n\n<\/style>\n\n<div id=\"uc_image_card_carousel_elementor_4d3349c-wrapper\">\n<div class=\"uc_dark_carousel\" style=\"direction:ltr;\" >   <div class=\"uc_dark_carousel_box owl-carousel uc-items-wrapper  uc-remote-parent\" id=\"uc_image_card_carousel_elementor_4d3349c\"  data-remoteid='second' data-widgetname='Unlimited Carousel' >\n      <div class=\"ue-item-holder elementor-repeater-item-69c452c\">\n<div class=\"uc_dark_carousel_container_holder ue-item\" >\n  \n  <div class=\"uc_dark_carousel_placeholder\">\n    <a href=\"#\"  ><img decoding=\"async\" src=\"https:\/\/blimp.ai\/wp-content\/uploads\/2024\/03\/LAVORA-CON-NOI-candidature-01-768x512.jpg\" alt=\"LAVORA CON NOI - candidature - 01\" title=\"Deep tech per il monitoraggio dei dati in ambienti urbani\"><\/a>\n    \t\n      \n    \t\n    \n  <\/div>\n  \n    <div class=\"uc_dark_carousel_content\" style=\"\">\n    \n        \n        \n      <\/div>\n    <\/div>\n<\/div>\n<div class=\"ue-item-holder elementor-repeater-item-39d8287\">\n<div class=\"uc_dark_carousel_container_holder ue-item\" >\n  \n  <div class=\"uc_dark_carousel_placeholder\">\n    <a href=\"#\"  ><img decoding=\"async\" src=\"https:\/\/blimp.ai\/wp-content\/uploads\/2024\/03\/LAVORA-CON-NOI-candidature-02-768x513.jpg\" alt=\"LAVORA CON NOI - candidature - 02\" title=\"Deep tech per il monitoraggio dei dati in ambienti urbani\"><\/a>\n    \t\n      \n    \t\n    \n  <\/div>\n  \n    <div class=\"uc_dark_carousel_content\" style=\"\">\n    \n        \n        \n      <\/div>\n    <\/div>\n<\/div>\n\n   <\/div>\n<\/div>\n<\/div>\n<!-- end Unlimited Carousel -->\t\t\t\t<\/div>\n\t\t\t\t<\/div>\n\t\t\t\t<\/div>\n\t\t\t\t<\/div>\n\t\t\t\t<\/div>","protected":false},"excerpt":{"rendered":"<p>Lavora con noi Lavorare in Blimp vuol dire entrare a far parte di un\u2019azienda stimolante, giovane e nel contempo altamente qualificata, che vive da protagonista il cambiamento dell\u2019Audience Measurement in vari contesti di applicazione. Stiamo portando avanti attivit\u00e0 entusiasmanti, che richiedono professionisti appassionati e concentrati che ci aiutino nella nostra missione: portare le metriche digitali [&hellip;]<\/p>\n","protected":false},"author":1,"featured_media":0,"parent":0,"menu_order":0,"comment_status":"closed","ping_status":"closed","template":"","meta":{"_acf_changed":false,"footnotes":""},"class_list":["post-96","page","type-page","status-publish","hentry"],"acf":[],"_links":{"self":[{"href":"https:\/\/blimp.ai\/es\/wp-json\/wp\/v2\/pages\/96","targetHints":{"allow":["GET"]}}],"collection":[{"href":"https:\/\/blimp.ai\/es\/wp-json\/wp\/v2\/pages"}],"about":[{"href":"https:\/\/blimp.ai\/es\/wp-json\/wp\/v2\/types\/page"}],"author":[{"embeddable":true,"href":"https:\/\/blimp.ai\/es\/wp-json\/wp\/v2\/users\/1"}],"replies":[{"embeddable":true,"href":"https:\/\/blimp.ai\/es\/wp-json\/wp\/v2\/comments?post=96"}],"version-history":[{"count":342,"href":"https:\/\/blimp.ai\/es\/wp-json\/wp\/v2\/pages\/96\/revisions"}],"predecessor-version":[{"id":13303,"href":"https:\/\/blimp.ai\/es\/wp-json\/wp\/v2\/pages\/96\/revisions\/13303"}],"wp:attachment":[{"href":"https:\/\/blimp.ai\/es\/wp-json\/wp\/v2\/media?parent=96"}],"curies":[{"name":"wp","href":"https:\/\/api.w.org\/{rel}","templated":true}]}}